{"id":1068,"date":"2021-04-12T05:26:35","date_gmt":"2021-04-12T05:26:35","guid":{"rendered":"http:\/\/xandregarrido.com\/index.php\/about\/"},"modified":"2022-07-05T15:50:20","modified_gmt":"2022-07-05T15:50:20","slug":"sobre-min","status":"publish","type":"page","link":"https:\/\/xandregarrido.com\/index.php\/sobre-min\/","title":{"rendered":"Sobre min"},"content":{"rendered":"\n<div class=\"wp-block-cover alignfull\" style=\"min-height:380px;aspect-ratio:unset;\"><span aria-hidden=\"true\" class=\"wp-block-cover__background has-ast-global-color-2-background-color has-background-dim-100 has-background-dim\"><\/span><div class=\"wp-block-cover__inner-container is-layout-flow wp-block-cover-is-layout-flow\">\n<h1 class=\"has-text-align-center has-white-color has-text-color wp-block-heading\">Sobre min<\/h1>\n\n\n\n<p class=\"has-text-align-center has-text-color\" style=\"color:#9599a5\">A formaci\u00f3n acad\u00e9mica e a militancia pol\u00edtica foron dous aspectos fundamentais e indisoci\u00e1beis cunha constante influencia mutua ao longo da mi\u00f1a vida. Aqu\u00ed podes ler m\u00e1is en detalle sobre a mi\u00f1a vida, experiencias e formaci\u00f3n. Neste apartado da web poder\u00e1s ler unha pequena biograf\u00eda, ver con que proxectos estou a colaborar neste momento, e consultar varias entrevistas en formato podcast ou artigo xornal\u00edstico.<\/p>\n<\/div><\/div>\n\n\n\n<p class=\"has-ast-global-color-6-color has-text-color has-medium-font-size\">&#8211;<\/p>\n\n\n\n<h2 class=\"has-text-align-center has-large-font-size wp-block-heading\"><strong>Podes consultar o meu curr\u00edculo acad\u00e9mico aqu\u00ed:<\/strong><\/h2>\n\n\n\n<div class=\"wp-block-buttons is-content-justification-center is-layout-flex wp-container-core-buttons-is-layout-a89b3969 wp-block-buttons-is-layout-flex\">\n<div class=\"wp-block-button\"><a class=\"wp-block-button__link\" href=\"https:\/\/drive.google.com\/file\/d\/1skB1pvzJXl74w3ayQV2JKwiI0SucYr8G\/view?usp=sharing\" target=\"_blank\" rel=\"noreferrer noopener\"> Curr\u00edculo <\/a><\/div>\n\n\n\n<div class=\"wp-block-button\"><a class=\"wp-block-button__link\" href=\"https:\/\/www.researchgate.net\/profile\/Alexandre-Garrido-Lopez\" target=\"_blank\" rel=\"noreferrer noopener\">Researchgate<\/a><\/div>\n\n\n\n<div class=\"wp-block-button\"><a class=\"wp-block-button__link\" href=\"https:\/\/orcid.org\/%200000-0002-5059-5511\" target=\"_blank\" rel=\"noreferrer noopener\">     Orcid      <\/a><\/div>\n<\/div>\n\n\n\n<p class=\"has-ast-global-color-6-color has-text-color has-medium-font-size\">&#8211;<\/p>\n\n\n\n<div class=\"wp-block-group alignfull has-ast-global-color-5-background-color has-background is-layout-flow wp-block-group-is-layout-flow\">\n<div class=\"wp-block-media-text alignwide is-stacked-on-mobile is-vertically-aligned-center is-image-fill\"><figure class=\"wp-block-media-text__media\" style=\"background-image:url(http:\/\/xandregarrido.com\/wp-content\/uploads\/2022\/05\/1651843402723-576x1024.jpg);background-position:50% 50%\"><img loading=\"lazy\" decoding=\"async\" width=\"576\" height=\"1024\" src=\"http:\/\/xandregarrido.com\/wp-content\/uploads\/2022\/05\/1651843402723-576x1024.jpg\" alt=\"\" class=\"wp-image-1204 size-full\" srcset=\"https:\/\/xandregarrido.com\/wp-content\/uploads\/2022\/05\/1651843402723-576x1024.jpg 576w, https:\/\/xandregarrido.com\/wp-content\/uploads\/2022\/05\/1651843402723-169x300.jpg 169w, https:\/\/xandregarrido.com\/wp-content\/uploads\/2022\/05\/1651843402723-768x1365.jpg 768w, https:\/\/xandregarrido.com\/wp-content\/uploads\/2022\/05\/1651843402723-864x1536.jpg 864w, https:\/\/xandregarrido.com\/wp-content\/uploads\/2022\/05\/1651843402723-1152x2048.jpg 1152w, https:\/\/xandregarrido.com\/wp-content\/uploads\/2022\/05\/1651843402723-scaled.jpg 1440w\" sizes=\"auto, (max-width: 576px) 100vw, 576px\" \/><\/figure><div class=\"wp-block-media-text__content\">\n<div class=\"wp-block-group is-layout-flow wp-block-group-is-layout-flow\">\n<h2 class=\"wp-block-heading\"><em>Biograf\u00eda<\/em><\/h2>\n\n\n\n<p style=\"font-size:15px\">Comecei a traballar no eido LGBT+ nos grupos de traballo de GN e BNG, participando na elaboraci\u00f3n da Lei 2\/2014, mais foi vivindo en Dinamarca cando choquei cunha sociedade moito m\u00e1is intolerante coas persoas LGBT+, o cal me levou a involucrarme en espazos queer, como a organizaci\u00f3n BLUS e o ambiente Drag local. Ao volver da emigraci\u00f3n no ano 2017 participei da fundaci\u00f3n da organizaci\u00f3n Avante LGBT+, na que centro os meus esforzos activistas desde ent\u00f3n, realizando actividades de divulgaci\u00f3n e formaci\u00f3n tanto internas como externas. Ademais, en 2019 comecei a traballar con STOP SIDA nun servizo de <em>counseling<\/em> online para persoas LGBT+ no cal sigo a participar na actualidade.<\/p>\n\n\n\n<p style=\"font-size:15px\">A mi\u00f1a necesidade de aprofundar na an\u00e1lise do sistema cisheteropatriarcal e como combatelo levoume a estudar o grao en Antropolox\u00eda Social e Cultural da UNED, as\u00ed como o Mestrado de Profesorado da USC, para o cal elaborei un traballo de Fin de Mestrado no que estudei os niveis de LGBTfobia e carencias formativas do futuro profesorado galego en relaci\u00f3n co colectivo.<\/p>\n\n\n\n<p style=\"font-size:15px\">As\u00ed, na actualidade estou a realizar unha tese de doutoramento que mestura perspectivas derivadas da Biolox\u00eda, Antropolox\u00eda, teor\u00edas decoloniais e teor\u00eda marxista para realizar unha an\u00e1lise radical dos fundamentos da LGBTfobia. Nela emprego unha metodolox\u00eda etnogr\u00e1fica para investigar como as noci\u00f3ns sobre sexo, x\u00e9nero, reproduci\u00f3n e parentesco, nesgadas por bioloxicismos intersticiais, participan na construci\u00f3n e reproduci\u00f3n social do sistema que oprime \u00e1s persoas LGBT+, reforzando o patriarcado e o capitalismo. Outros focos do meu traballo son a formaci\u00f3n do profesorado ou o estudo da intersecci\u00f3n entre as opresi\u00f3ns nacional, de clase e LGBT+.<\/p>\n<\/div>\n<\/div><\/div>\n<\/div>\n\n\n\n<div class=\"wp-block-group alignfull has-ast-global-color-4-background-color has-background is-layout-flow wp-block-group-is-layout-flow\">\n<h2 class=\"has-text-align-center wp-block-heading\"><em>Proxectos<\/em><\/h2>\n\n\n\n<p class=\"has-ast-global-color-6-color has-text-color has-medium-font-size\"> &#8211;<\/p>\n\n\n\n<div class=\"wp-block-media-text alignwide is-stacked-on-mobile is-image-fill\"><figure class=\"wp-block-media-text__media\" style=\"background-image:url(http:\/\/xandregarrido.com\/wp-content\/uploads\/2022\/05\/CABE-FACE-1-1024x390.png);background-position:50% 50%\"><img loading=\"lazy\" decoding=\"async\" width=\"1024\" height=\"390\" src=\"http:\/\/xandregarrido.com\/wp-content\/uploads\/2022\/05\/CABE-FACE-1-1024x390.png\" alt=\"Clara Corbelhe\" class=\"wp-image-1299 size-full\" srcset=\"https:\/\/xandregarrido.com\/wp-content\/uploads\/2022\/05\/CABE-FACE-1-1024x390.png 1024w, https:\/\/xandregarrido.com\/wp-content\/uploads\/2022\/05\/CABE-FACE-1-300x114.png 300w, https:\/\/xandregarrido.com\/wp-content\/uploads\/2022\/05\/CABE-FACE-1-768x292.png 768w, https:\/\/xandregarrido.com\/wp-content\/uploads\/2022\/05\/CABE-FACE-1-1536x585.png 1536w, https:\/\/xandregarrido.com\/wp-content\/uploads\/2022\/05\/CABE-FACE-1-2048x779.png 2048w\" sizes=\"auto, (max-width: 1024px) 100vw, 1024px\" \/><\/figure><div class=\"wp-block-media-text__content\">\n<p><strong>Espa\u00e7o Clara Corbelhe<\/strong><\/p>\n\n\n\n<p class=\"has-small-font-size\">Espazo de pensamento e elaboraci\u00f3n duns estudos emancipatorios galegos desde a perspectiva da Teor\u00eda Cr\u00edtica. O espazo conta cunha revista a modo de voceiro, da cal se edita un n\u00famero monogr\u00e1fico anual en papel e un artigo web cada d\u00faas semanas. Son un dos membros fundadores do proxecto e formo parte do Consello de Redacci\u00f3n da revista as\u00ed como do equipo de comunicaci\u00f3n da mesma. <\/p>\n\n\n\n<div class=\"wp-block-buttons is-layout-flex wp-block-buttons-is-layout-flex\">\n<div class=\"wp-block-button\"><a class=\"wp-block-button__link\" href=\"https:\/\/claracorbelhe.gal\/\" target=\"_blank\" rel=\"noreferrer noopener\">Visita a nosa web<\/a><\/div>\n<\/div>\n<\/div><\/div>\n\n\n\n<p class=\"has-ast-global-color-6-color has-text-color has-medium-font-size\">&#8211;<\/p>\n\n\n\n<div class=\"wp-block-media-text alignwide is-stacked-on-mobile is-image-fill\"><figure class=\"wp-block-media-text__media\" style=\"background-image:url(http:\/\/xandregarrido.com\/wp-content\/uploads\/2022\/05\/blanco-icono-sencillo-dental-logotipo-7-3-ancho-1024x614.png);background-position:50% 50%\"><img loading=\"lazy\" decoding=\"async\" width=\"1024\" height=\"614\" src=\"http:\/\/xandregarrido.com\/wp-content\/uploads\/2022\/05\/blanco-icono-sencillo-dental-logotipo-7-3-ancho-1024x614.png\" alt=\"RGEQ\" class=\"wp-image-1300 size-full\" srcset=\"https:\/\/xandregarrido.com\/wp-content\/uploads\/2022\/05\/blanco-icono-sencillo-dental-logotipo-7-3-ancho-1024x614.png 1024w, https:\/\/xandregarrido.com\/wp-content\/uploads\/2022\/05\/blanco-icono-sencillo-dental-logotipo-7-3-ancho-300x180.png 300w, https:\/\/xandregarrido.com\/wp-content\/uploads\/2022\/05\/blanco-icono-sencillo-dental-logotipo-7-3-ancho-768x461.png 768w, https:\/\/xandregarrido.com\/wp-content\/uploads\/2022\/05\/blanco-icono-sencillo-dental-logotipo-7-3-ancho-1536x922.png 1536w, https:\/\/xandregarrido.com\/wp-content\/uploads\/2022\/05\/blanco-icono-sencillo-dental-logotipo-7-3-ancho-2048x1229.png 2048w\" sizes=\"auto, (max-width: 1024px) 100vw, 1024px\" \/><\/figure><div class=\"wp-block-media-text__content\">\n<p><strong>Rede Galega de Estudos Queer<\/strong><\/p>\n\n\n\n<p class=\"has-small-font-size\">Equipo de investigaci\u00f3n transdisciplinar que traballa en estudos de x\u00e9nero e LGBT+ desde unha perspectiva queer. Est\u00e1 conformada por investigadoras de distintas \u00e1reas e niveis profesionais, vinculadas \u00e1 Galiza por orixe, traxectoria vital ou foco de estudos. A Rede cumpre a funci\u00f3n de po\u00f1er en contacto a quen traballamos neste eido e propiciar a colaboraci\u00f3n e posta en marcha de proxectos que promocionen os Estudos Queer no pa\u00eds. <\/p>\n\n\n\n<div class=\"wp-block-buttons is-layout-flex wp-block-buttons-is-layout-flex\">\n<div class=\"wp-block-button\"><a class=\"wp-block-button__link\" href=\"https:\/\/redegalegadeestudosqueer.wordpress.com\/\" target=\"_blank\" rel=\"noreferrer noopener\">Visita a nosa web<\/a><\/div>\n<\/div>\n<\/div><\/div>\n\n\n\n<p class=\"has-ast-global-color-6-color has-text-color has-medium-font-size\">&#8211;<\/p>\n\n\n\n<div class=\"wp-block-media-text alignwide is-stacked-on-mobile is-image-fill\"><figure class=\"wp-block-media-text__media\" style=\"background-image:url(http:\/\/xandregarrido.com\/wp-content\/uploads\/2022\/05\/LOGO-AVANTE-LGBT-fondo-branco-1024x1024.png);background-position:95% 42%\"><img loading=\"lazy\" decoding=\"async\" width=\"1024\" height=\"1024\" src=\"http:\/\/xandregarrido.com\/wp-content\/uploads\/2022\/05\/LOGO-AVANTE-LGBT-fondo-branco-1024x1024.png\" alt=\"Logo de Avante LGBT+ cunha estrela de cinco puntas e a bandeira do orgullo dentro\" class=\"wp-image-1301 size-full\" srcset=\"https:\/\/xandregarrido.com\/wp-content\/uploads\/2022\/05\/LOGO-AVANTE-LGBT-fondo-branco-1024x1024.png 1024w, https:\/\/xandregarrido.com\/wp-content\/uploads\/2022\/05\/LOGO-AVANTE-LGBT-fondo-branco-300x300.png 300w, https:\/\/xandregarrido.com\/wp-content\/uploads\/2022\/05\/LOGO-AVANTE-LGBT-fondo-branco-150x150.png 150w, https:\/\/xandregarrido.com\/wp-content\/uploads\/2022\/05\/LOGO-AVANTE-LGBT-fondo-branco-768x768.png 768w, https:\/\/xandregarrido.com\/wp-content\/uploads\/2022\/05\/LOGO-AVANTE-LGBT-fondo-branco-1536x1536.png 1536w, https:\/\/xandregarrido.com\/wp-content\/uploads\/2022\/05\/LOGO-AVANTE-LGBT-fondo-branco-2048x2048.png 2048w\" sizes=\"auto, (max-width: 1024px) 100vw, 1024px\" \/><\/figure><div class=\"wp-block-media-text__content\">\n<p><strong>Avante LGBT+<\/strong><\/p>\n\n\n\n<p class=\"has-small-font-size\">Organizaci\u00f3n non mixta de persoas LGBT+. Est\u00e1 constitu\u00edda a nivel galego con implantaci\u00f3n nas 7 cidades e varias comarcas, inclu\u00edda a di\u00e1spora. O seu ideario est\u00e1 fundado en tres piares, o feminismo, o anticapitalismo e o galeguismo, e as s\u00faas funci\u00f3ns son a organizaci\u00f3n das persoas LGBT+ que viven na Galiza, a s\u00faa formaci\u00f3n pol\u00edtica, e a loita polos dereitos do colectivo. Fun un dos membros fundadores no ano 2017 e na actualidade fomo parte da Coordinadora Nacional en calidade de Responsable de Organizaci\u00f3n. <\/p>\n\n\n\n<div class=\"wp-block-buttons is-layout-flex wp-block-buttons-is-layout-flex\">\n<div class=\"wp-block-button\"><a class=\"wp-block-button__link\" href=\"https:\/\/linktr.ee\/avanteLGBTGaliza\" target=\"_blank\" rel=\"noreferrer noopener\">Visita o noso directorio de ligaz\u00f3ns<\/a><\/div>\n<\/div>\n<\/div><\/div>\n<\/div>\n\n\n\n<div class=\"wp-block-group alignfull has-ast-global-color-4-background-color has-background is-layout-flow wp-block-group-is-layout-flow\">\n<p class=\"has-ast-global-color-6-color has-text-color has-medium-font-size\"><\/p>\n\n\n\n<h2 class=\"has-text-align-center wp-block-heading\"><em>Entrevistas<\/em><\/h2>\n\n\n\n<p class=\"has-ast-global-color-6-color has-text-color has-medium-font-size\">&#8211;<\/p>\n\n\n\n<div class=\"wp-block-media-text alignwide is-stacked-on-mobile is-image-fill\"><figure class=\"wp-block-media-text__media\" style=\"background-image:url(http:\/\/xandregarrido.com\/wp-content\/uploads\/2022\/05\/whatsapp-image-2020-06-22-at-121442-2-1068x802-9e3a270.jpeg);background-position:50% 50%\"><img loading=\"lazy\" decoding=\"async\" width=\"850\" height=\"500\" src=\"http:\/\/xandregarrido.com\/wp-content\/uploads\/2022\/05\/whatsapp-image-2020-06-22-at-121442-2-1068x802-9e3a270.jpeg\" alt=\"\" class=\"wp-image-1225 size-full\" srcset=\"https:\/\/xandregarrido.com\/wp-content\/uploads\/2022\/05\/whatsapp-image-2020-06-22-at-121442-2-1068x802-9e3a270.jpeg 850w, https:\/\/xandregarrido.com\/wp-content\/uploads\/2022\/05\/whatsapp-image-2020-06-22-at-121442-2-1068x802-9e3a270-300x176.jpeg 300w, https:\/\/xandregarrido.com\/wp-content\/uploads\/2022\/05\/whatsapp-image-2020-06-22-at-121442-2-1068x802-9e3a270-768x452.jpeg 768w\" sizes=\"auto, (max-width: 850px) 100vw, 850px\" \/><\/figure><div class=\"wp-block-media-text__content\">\n<p><strong>Un Orgullo LGBT+ entre as precauci\u00f3ns pola pandemia e a necesidade de &#8220;sa\u00edr da clandestinidade do espazo privado&#8221;<\/strong><\/p>\n\n\n\n<p class=\"has-small-font-size\">Este domingo cel\u00e9brase o D\u00eda do Orgullo LGBT+, que lembra, como todos os 28 de xu\u00f1o, a rebeli\u00f3n contra a represi\u00f3n policial que tivo lugar no pub Stonewall, en Nova York. Este d\u00eda do Orgullo estar\u00e1 marcado pola pandemia, con moitas menos actividades p\u00fablicas, celebraci\u00f3ns e tam\u00e9n mobilizaci\u00f3ns, pero os colectivos LGBT+ galegos si convocaron algunhas concentraci\u00f3ns que buscan que non se esqueza o car\u00e1cter reivindicativo e de visibilizaci\u00f3n que caracteriza esta data.<\/p>\n\n\n\n<div class=\"wp-block-buttons is-layout-flex wp-block-buttons-is-layout-flex\">\n<div class=\"wp-block-button\"><a class=\"wp-block-button__link\" href=\"https:\/\/praza.gal\/movementos-sociais\/un-orgullo-lgbt-entre-as-precaucions-pola-pandemia-e-a-necesidade-de-sair-da-clandestinidade-do-espazo-privado\" target=\"_blank\" rel=\"noreferrer noopener\">Le o artigo en Praza.gal<\/a><\/div>\n<\/div>\n<\/div><\/div>\n\n\n\n<p><\/p>\n\n\n\n<div class=\"wp-block-media-text alignwide is-stacked-on-mobile is-image-fill\"><figure class=\"wp-block-media-text__media\" style=\"background-image:url(https:\/\/xandregarrido.com\/wp-content\/uploads\/2022\/05\/lei-trans-nos-diario.jpg);background-position:50% 50%\"><img loading=\"lazy\" decoding=\"async\" width=\"1024\" height=\"576\" src=\"https:\/\/xandregarrido.com\/wp-content\/uploads\/2022\/05\/lei-trans-nos-diario.jpg\" alt=\"\" class=\"wp-image-1226 size-full\" srcset=\"https:\/\/xandregarrido.com\/wp-content\/uploads\/2022\/05\/lei-trans-nos-diario.jpg 1024w, https:\/\/xandregarrido.com\/wp-content\/uploads\/2022\/05\/lei-trans-nos-diario-300x169.jpg 300w, https:\/\/xandregarrido.com\/wp-content\/uploads\/2022\/05\/lei-trans-nos-diario-768x432.jpg 768w\" sizes=\"auto, (max-width: 1024px) 100vw, 1024px\" \/><\/figure><div class=\"wp-block-media-text__content\">\n<p><strong>O activismo chama a &#8220;seguir mellorando&#8221; a futura lei trans<\/strong><\/p>\n\n\n\n<p class=\"has-small-font-size\">O voto un\u00e1nime do Consello Xeral do Poder Xudicial a favor dun informe cr\u00edtico coa futura Lei trans reaviva o debate sobre a finalidade e os detalles dunha norma que persegue a igualdade real e efectiva das persoas trans mais a garant\u00eda dos dereitos das persoas LGTBI.<\/p>\n\n\n\n<div class=\"wp-block-buttons is-layout-flex wp-block-buttons-is-layout-flex\">\n<div class=\"wp-block-button\"><a class=\"wp-block-button__link\" href=\"https:\/\/www.nosdiario.gal\/articulo\/social\/activismo-chama-seguir-mellorando-futura-lei-trans\/20220421155219141418.html\" target=\"_blank\" rel=\"noreferrer noopener\">Le o artigo en N\u00f3s diario<\/a><\/div>\n<\/div>\n\n\n\n<p><\/p>\n<\/div><\/div>\n\n\n\n<p><\/p>\n\n\n\n<div class=\"wp-block-media-text alignwide is-stacked-on-mobile is-image-fill\"><figure class=\"wp-block-media-text__media\" style=\"background-image:url(http:\/\/xandregarrido.com\/wp-content\/uploads\/2022\/05\/175837-samuel.jpg);background-position:10% 15%\"><img loading=\"lazy\" decoding=\"async\" width=\"960\" height=\"640\" src=\"http:\/\/xandregarrido.com\/wp-content\/uploads\/2022\/05\/175837-samuel.jpg\" alt=\"\" class=\"wp-image-1227 size-full\" srcset=\"https:\/\/xandregarrido.com\/wp-content\/uploads\/2022\/05\/175837-samuel.jpg 960w, https:\/\/xandregarrido.com\/wp-content\/uploads\/2022\/05\/175837-samuel-300x200.jpg 300w, https:\/\/xandregarrido.com\/wp-content\/uploads\/2022\/05\/175837-samuel-768x512.jpg 768w\" sizes=\"auto, (max-width: 960px) 100vw, 960px\" \/><\/figure><div class=\"wp-block-media-text__content\">\n<p><strong>Qu\u00e9 hay detr\u00e1s del asesinato de Samuel Luis Mu\u00f1iz, el crimen que provoc\u00f3 marchas contra la homofobia en toda Espa\u00f1a<\/strong><\/p>\n\n\n\n<p class=\"has-small-font-size\">\u201cMaric\u00f3n\u201d fue lo \u00faltimo que escuch\u00f3 el joven auxiliar de enfermer\u00eda de 24 a\u00f1os asesinado a golpes en la puerta de un boliche, en La Coru\u00f1a. La comunidad lgbti espa\u00f1ola tom\u00f3 nuevamente las calles de todo el pa\u00eds para reclamar justicia por Samuel.<\/p>\n\n\n\n<div class=\"wp-block-buttons is-layout-flex wp-block-buttons-is-layout-flex\">\n<div class=\"wp-block-button\"><a class=\"wp-block-button__link\" href=\"https:\/\/www.pagina12.com.ar\/353179-que-hay-detras-del-asesinato-de-samuel-luis-muniz-el-crimen-\" target=\"_blank\" rel=\"noreferrer noopener\">Le o artigo en pagina12<\/a><\/div>\n<\/div>\n<\/div><\/div>\n\n\n\n<div class=\"wp-block-columns alignwide is-layout-flex wp-container-core-columns-is-layout-28f84493 wp-block-columns-is-layout-flex\">\n<div class=\"wp-block-column is-layout-flow wp-block-column-is-layout-flow\">\n<div class=\"wp-block-buttons is-horizontal is-content-justification-center is-layout-flex wp-container-core-buttons-is-layout-03627597 wp-block-buttons-is-layout-flex\"><\/div>\n<\/div>\n<\/div>\n<\/div>\n\n\n\n<div class=\"wp-block-group alignfull has-ast-global-color-5-background-color has-background is-layout-flow wp-block-group-is-layout-flow\">\n<div class=\"wp-block-columns is-layout-flex wp-container-core-columns-is-layout-28f84493 wp-block-columns-is-layout-flex\">\n<div class=\"wp-block-column is-layout-flow wp-block-column-is-layout-flow\">\n<h2 class=\"wp-block-heading\"><em>Palestras e obradoiros<\/em><\/h2>\n<\/div>\n\n\n\n<div class=\"wp-block-column is-layout-flow wp-block-column-is-layout-flow\">\n<p>Ademais do meu traballo militante e como investigador no terreo acad\u00e9mico tam\u00e9n realizo obradoiros de formaci\u00f3n ou imparto palestras sobre cuesti\u00f3ns relacionadas co colectivo LGBT+ ou a sa\u00fade sexual.<\/p>\n\n\n\n<div class=\"wp-block-buttons is-layout-flex wp-block-buttons-is-layout-flex\">\n<div class=\"wp-block-button\"><a class=\"wp-block-button__link\" href=\"https:\/\/xandregarrido.com\/index.php\/que-ofrezo\/\">Le m\u00e1is sobre o que fago<\/a><\/div>\n<\/div>\n<\/div>\n<\/div>\n<\/div>\n\n\n\n<div class=\"wp-block-group alignfull has-ast-global-color-5-background-color has-background is-layout-flow wp-block-group-is-layout-flow\"><\/div>\n\n\n\n<p><\/p>\n","protected":false},"excerpt":{"rendered":"<p>&#8211; Podes consultar o meu curr\u00edculo acad\u00e9mico aqu\u00ed: &#8211; Biograf\u00eda Comecei a traballar no eido LGBT+ nos grupos de traballo de GN e BNG, participando na elaboraci\u00f3n da Lei 2\/2014, mais foi vivindo en Dinamarca cando choquei cunha sociedade moito m\u00e1is intolerante coas persoas LGBT+, o cal me levou a involucrarme en espazos queer, como [&hellip;]<\/p>\n","protected":false},"author":1,"featured_media":0,"parent":0,"menu_order":0,"comment_status":"closed","ping_status":"closed","template":"","meta":{"om_disable_all_campaigns":false,"_monsterinsights_skip_tracking":false,"_monsterinsights_sitenote_active":false,"_monsterinsights_sitenote_note":"","_monsterinsights_sitenote_category":0,"site-sidebar-layout":"no-sidebar","site-content-layout":"plain-container","ast-site-content-layout":"default","site-content-style":"default","site-sidebar-style":"default","ast-global-header-display":"","ast-banner-title-visibility":"","ast-main-header-display":"","ast-hfb-above-header-display":"","ast-hfb-below-header-display":"","ast-hfb-mobile-header-display":"","site-post-title":"disabled","ast-breadcrumbs-content":"disabled","ast-featured-img":"disabled","footer-sml-layout":"","theme-transparent-header-meta":"enabled","adv-header-id-meta":"","stick-header-meta":"","header-above-stick-meta":"","header-main-stick-meta":"","header-below-stick-meta":"","astra-migrate-meta-layouts":"default","ast-page-background-enabled":"default","ast-page-background-meta":{"desktop":{"background-color":"var(--ast-global-color-4)","background-image":"","background-repeat":"repeat","background-position":"center center","background-size":"auto","background-attachment":"scroll","background-type":"","background-media":"","overlay-type":"","overlay-color":"","overlay-opacity":"","overlay-gradient":""},"tablet":{"background-color":"","background-image":"","background-repeat":"repeat","background-position":"center center","background-size":"auto","background-attachment":"scroll","background-type":"","background-media":"","overlay-type":"","overlay-color":"","overlay-opacity":"","overlay-gradient":""},"mobile":{"background-color":"","background-image":"","background-repeat":"repeat","background-position":"center center","background-size":"auto","background-attachment":"scroll","background-type":"","background-media":"","overlay-type":"","overlay-color":"","overlay-opacity":"","overlay-gradient":""}},"ast-content-background-meta":{"desktop":{"background-color":"var(--ast-global-color-5)","background-image":"","background-repeat":"repeat","background-position":"center center","background-size":"auto","background-attachment":"scroll","background-type":"","background-media":"","overlay-type":"","overlay-color":"","overlay-opacity":"","overlay-gradient":""},"tablet":{"background-color":"var(--ast-global-color-5)","background-image":"","background-repeat":"repeat","background-position":"center center","background-size":"auto","background-attachment":"scroll","background-type":"","background-media":"","overlay-type":"","overlay-color":"","overlay-opacity":"","overlay-gradient":""},"mobile":{"background-color":"var(--ast-global-color-5)","background-image":"","background-repeat":"repeat","background-position":"center center","background-size":"auto","background-attachment":"scroll","background-type":"","background-media":"","overlay-type":"","overlay-color":"","overlay-opacity":"","overlay-gradient":""}},"footnotes":""},"class_list":["post-1068","page","type-page","status-publish","hentry"],"aioseo_notices":[],"_links":{"self":[{"href":"https:\/\/xandregarrido.com\/index.php\/wp-json\/wp\/v2\/pages\/1068","targetHints":{"allow":["GET"]}}],"collection":[{"href":"https:\/\/xandregarrido.com\/index.php\/wp-json\/wp\/v2\/pages"}],"about":[{"href":"https:\/\/xandregarrido.com\/index.php\/wp-json\/wp\/v2\/types\/page"}],"author":[{"embeddable":true,"href":"https:\/\/xandregarrido.com\/index.php\/wp-json\/wp\/v2\/users\/1"}],"replies":[{"embeddable":true,"href":"https:\/\/xandregarrido.com\/index.php\/wp-json\/wp\/v2\/comments?post=1068"}],"version-history":[{"count":42,"href":"https:\/\/xandregarrido.com\/index.php\/wp-json\/wp\/v2\/pages\/1068\/revisions"}],"predecessor-version":[{"id":1369,"href":"https:\/\/xandregarrido.com\/index.php\/wp-json\/wp\/v2\/pages\/1068\/revisions\/1369"}],"wp:attachment":[{"href":"https:\/\/xandregarrido.com\/index.php\/wp-json\/wp\/v2\/media?parent=1068"}],"curies":[{"name":"wp","href":"https:\/\/api.w.org\/{rel}","templated":true}]}}