{"id":1313,"date":"2022-05-29T22:15:27","date_gmt":"2022-05-29T22:15:27","guid":{"rendered":"https:\/\/xandregarrido.com\/?page_id=1313"},"modified":"2022-07-05T16:59:53","modified_gmt":"2022-07-05T16:59:53","slug":"divulgacion","status":"publish","type":"page","link":"https:\/\/xandregarrido.com\/index.php\/divulgacion\/","title":{"rendered":"Divulgaci\u00f3n"},"content":{"rendered":"\n<div class=\"wp-block-cover alignfull\" style=\"min-height:380px;aspect-ratio:unset;\"><span aria-hidden=\"true\" class=\"wp-block-cover__background has-ast-global-color-2-background-color has-background-dim-100 has-background-dim\"><\/span><div class=\"wp-block-cover__inner-container is-layout-flow wp-block-cover-is-layout-flow\">\n<h1 class=\"has-text-align-center has-white-color has-text-color wp-block-heading\">Divulgaci\u00f3n<\/h1>\n\n\n\n<p class=\"has-text-align-center has-text-color\" style=\"color:#9599a5\">Para difundir os resutados da mi\u00f1a investigaci\u00f3n, formaci\u00f3n e experiencia directa estou en involucrado en varios proxectos, participo en podcasts, mesas redondas ou coloquios, e ofrezo entrevistas a medios de comunicaci\u00f3n.<\/p>\n<\/div><\/div>\n\n\n\n<p class=\"has-ast-global-color-6-color has-text-color has-medium-font-size\">&#8211;<\/p>\n\n\n\n<h2 class=\"has-text-align-center wp-block-heading\"><em>Palestras gravadas<\/em><\/h2>\n\n\n\n<p class=\"has-ast-global-color-6-color has-text-color has-medium-font-size\">&#8211;<\/p>\n\n\n\n<div class=\"wp-block-media-text alignwide is-stacked-on-mobile is-image-fill\"><figure class=\"wp-block-media-text__media\" style=\"background-image:url(https:\/\/xandregarrido.com\/wp-content\/uploads\/2022\/07\/saude-sexual-1024x766.png);background-position:68% 98%\"><a href=\"https:\/\/www.youtube.com\/watch?v=F_JBmamqdMU&amp;list=PLPPoJJeRflimXfHI4MWqlX5mz3sL-7Ax-&amp;index=5&amp;ab_channel=AvanteLGBT%2B\"><img loading=\"lazy\" decoding=\"async\" width=\"1024\" height=\"766\" src=\"https:\/\/xandregarrido.com\/wp-content\/uploads\/2022\/07\/saude-sexual-1024x766.png\" alt=\"\" class=\"wp-image-1370 size-full\" srcset=\"https:\/\/xandregarrido.com\/wp-content\/uploads\/2022\/07\/saude-sexual-1024x766.png 1024w, https:\/\/xandregarrido.com\/wp-content\/uploads\/2022\/07\/saude-sexual-300x224.png 300w, https:\/\/xandregarrido.com\/wp-content\/uploads\/2022\/07\/saude-sexual-768x575.png 768w, https:\/\/xandregarrido.com\/wp-content\/uploads\/2022\/07\/saude-sexual.png 1088w\" sizes=\"auto, (max-width: 1024px) 100vw, 1024px\" \/><\/a><\/figure><div class=\"wp-block-media-text__content\">\n<p>Sa\u00fade sexual e prevenci\u00f3n de ITS<\/p>\n\n\n\n<p class=\"has-small-font-size\">Palestra de Xandre Garrido, cibereducador en sa\u00fade sexual e voluntario con STOP SIDA, sobre sa\u00fade sexual e prevenci\u00f3n de ITS. Esta actividade tivo lugar no marco das xornadas nacionais de formaci\u00f3n sobre sexualidade e sa\u00fade sexual de Avante LGBT+, que tiveron caracter interno para asegurar a seguranza do espazo. Se queredes ampliar informaci\u00f3n ou resolver calquera t\u00edpo de d\u00fabida non atallada no v\u00eddeo non dubidedes en escribirnos a algunha das redes sociais da organizaci\u00f3n ou no correo avantesaudesex@gmail.com.<\/p>\n\n\n\n<div class=\"wp-block-buttons is-layout-flex wp-block-buttons-is-layout-flex\">\n<div class=\"wp-block-button\"><a class=\"wp-block-button__link\" href=\"https:\/\/www.youtube.com\/watch?v=F_JBmamqdMU&amp;list=PLPPoJJeRflimXfHI4MWqlX5mz3sL-7Ax-&amp;index=5&amp;ab_channel=AvanteLGBT%2B\" target=\"_blank\" rel=\"noreferrer noopener\">Vai ao v\u00eddeo<\/a><\/div>\n<\/div>\n<\/div><\/div>\n\n\n\n<p class=\"has-ast-global-color-6-color has-text-color has-medium-font-size\">&#8211;<\/p>\n\n\n\n<div class=\"wp-block-media-text alignwide is-stacked-on-mobile\"><figure class=\"wp-block-media-text__media\"><a href=\"https:\/\/www.youtube.com\/watch?v=coRSF2pleH0&amp;ab_channel=ColectivoFeministaDezaTabeiros\"><img loading=\"lazy\" decoding=\"async\" width=\"1024\" height=\"623\" src=\"https:\/\/xandregarrido.com\/wp-content\/uploads\/2022\/07\/Screenshot_12-1024x623.png\" alt=\"\" class=\"wp-image-1371 size-full\" srcset=\"https:\/\/xandregarrido.com\/wp-content\/uploads\/2022\/07\/Screenshot_12-1024x623.png 1024w, https:\/\/xandregarrido.com\/wp-content\/uploads\/2022\/07\/Screenshot_12-300x183.png 300w, https:\/\/xandregarrido.com\/wp-content\/uploads\/2022\/07\/Screenshot_12-768x467.png 768w, https:\/\/xandregarrido.com\/wp-content\/uploads\/2022\/07\/Screenshot_12.png 1509w\" sizes=\"auto, (max-width: 1024px) 100vw, 1024px\" \/><\/a><\/figure><div class=\"wp-block-media-text__content\">\n<p><strong>Faladoiro: Feminismos, Activismos LGBT+ e teor\u00edas Queer<\/strong><\/p>\n\n\n\n<p class=\"has-small-font-size\">Coloquio organizado polo Colectivo Feminista Deza Tabeiros no que interve\u00f1en as activistas e investigadoras Daniela Ferrandez, da asociaci\u00f3n Amizando Trans, e Xandre Garrido, de Avante LGBT+.<\/p>\n\n\n\n<div class=\"wp-block-buttons is-layout-flex wp-block-buttons-is-layout-flex\">\n<div class=\"wp-block-button\"><a class=\"wp-block-button__link\" href=\"https:\/\/www.youtube.com\/watch?v=coRSF2pleH0&amp;ab_channel=ColectivoFeministaDezaTabeiros\" target=\"_blank\" rel=\"noreferrer noopener\">Vai ao v\u00eddeo<\/a><\/div>\n<\/div>\n<\/div><\/div>\n\n\n\n<p class=\"has-ast-global-color-6-color has-text-color has-medium-font-size\">&#8211;<\/p>\n\n\n\n<div class=\"wp-block-media-text alignwide is-stacked-on-mobile\"><figure class=\"wp-block-media-text__media\"><a href=\"https:\/\/www.youtube.com\/watch?v=wJreAE3FxSo&amp;t=12s&amp;ab_channel=CONCELLODESANTIAGODECOMPOSTELA\"><img loading=\"lazy\" decoding=\"async\" width=\"1024\" height=\"576\" src=\"https:\/\/xandregarrido.com\/wp-content\/uploads\/2022\/07\/Screenshot_13-1024x576.png\" alt=\"\" class=\"wp-image-1372 size-full\" srcset=\"https:\/\/xandregarrido.com\/wp-content\/uploads\/2022\/07\/Screenshot_13-1024x576.png 1024w, https:\/\/xandregarrido.com\/wp-content\/uploads\/2022\/07\/Screenshot_13-300x169.png 300w, https:\/\/xandregarrido.com\/wp-content\/uploads\/2022\/07\/Screenshot_13-768x432.png 768w, https:\/\/xandregarrido.com\/wp-content\/uploads\/2022\/07\/Screenshot_13-1536x864.png 1536w, https:\/\/xandregarrido.com\/wp-content\/uploads\/2022\/07\/Screenshot_13.png 1919w\" sizes=\"auto, (max-width: 1024px) 100vw, 1024px\" \/><\/a><\/figure><div class=\"wp-block-media-text__content\">\n<p>Saber \u00e9 positivo &#8211; Mesa 4 &#8220;Movementos sociais compostelanos&#8230;30 anos do Colectivo Gai en Compostela&#8221;<\/p>\n\n\n\n<p class=\"has-small-font-size\">Xornadas online organizadas polo Concello de Santiago de Compostela ao redor do 40 aniversario da detecci\u00f3n dos primeiros casos de SIDA e inicio da loita contra esta pandemia. As xornadas contaron con 4 mesas tem\u00e1ticas, sendo esta que trata a cuesti\u00f3n de como os movementos sociais responderon \u00e1 crise da SIDA e como se atopan na actualidade a que da peche ao evento.<\/p>\n\n\n\n<div class=\"wp-block-buttons is-layout-flex wp-block-buttons-is-layout-flex\">\n<div class=\"wp-block-button\"><a class=\"wp-block-button__link\" href=\"https:\/\/www.youtube.com\/watch?v=wJreAE3FxSo&amp;t=12s&amp;ab_channel=CONCELLODESANTIAGODECOMPOSTELA\" target=\"_blank\" rel=\"noreferrer noopener\">Vai ao v\u00eddeo<\/a><\/div>\n<\/div>\n<\/div><\/div>\n\n\n\n<p class=\"has-ast-global-color-5-color has-text-color has-medium-font-size\">&#8211;<\/p>\n\n\n\n<div class=\"wp-block-group alignfull has-ast-global-color-4-background-color has-background is-layout-flow wp-block-group-is-layout-flow\">\n<h2 class=\"has-text-align-center wp-block-heading\"><em>Podcasts<\/em><\/h2>\n\n\n\n<div class=\"wp-block-media-text alignwide is-stacked-on-mobile is-image-fill\"><figure class=\"wp-block-media-text__media\" style=\"background-image:url(http:\/\/xandregarrido.com\/wp-content\/uploads\/2022\/05\/entrevista-diversitats-ancha-1024x357.png);background-position:50% 50%\"><img loading=\"lazy\" decoding=\"async\" width=\"1024\" height=\"357\" src=\"http:\/\/xandregarrido.com\/wp-content\/uploads\/2022\/05\/entrevista-diversitats-ancha-1024x357.png\" alt=\"\" class=\"wp-image-1224 size-full\" srcset=\"https:\/\/xandregarrido.com\/wp-content\/uploads\/2022\/05\/entrevista-diversitats-ancha-1024x357.png 1024w, https:\/\/xandregarrido.com\/wp-content\/uploads\/2022\/05\/entrevista-diversitats-ancha-300x104.png 300w, https:\/\/xandregarrido.com\/wp-content\/uploads\/2022\/05\/entrevista-diversitats-ancha-768x267.png 768w, https:\/\/xandregarrido.com\/wp-content\/uploads\/2022\/05\/entrevista-diversitats-ancha-1536x535.png 1536w, https:\/\/xandregarrido.com\/wp-content\/uploads\/2022\/05\/entrevista-diversitats-ancha-2048x713.png 2048w\" sizes=\"auto, (max-width: 1024px) 100vw, 1024px\" \/><\/figure><div class=\"wp-block-media-text__content\">\n<p><strong>Diversitats 9&#215;13 Xandre Garrido<\/strong><\/p>\n\n\n\n<p class=\"has-small-font-size\">Quiz\u00e1s no seamos Mariah Carey, pero desde luego, no somos el Grinch: en Diversitats nos gusta el brilli brilli de la Navidad y la celebramos a nuestra manera con unas secciones de historia, los or\u00edgenes LGTBI de las fiestas y una agenda acorde a estas fechas, \u00a1acomp\u00e1\u00f1anos a Keniu Ruiz, Tina Recio, Jose Boisgontier y Toni Ponce! En la entrevista, Xandre Garrido es activista y bi\u00f3logo, y ha encontrado tiempo para explicarnos con mucha pedagog\u00eda c\u00f3mo de amplia es la diversidad cromos\u00f3mica, la sexualidad en el reino animal y otros mitos desde la #ciencialgtb<\/p>\n\n\n\n<div class=\"wp-block-buttons is-layout-flex wp-block-buttons-is-layout-flex\">\n<div class=\"wp-block-button\"><a class=\"wp-block-button__link\" href=\"https:\/\/www.ivoox.com\/diversitats-9x13-23-12-21-xandre-garrido-audios-mp3_rf_80676240_1.html\" target=\"_blank\" rel=\"noreferrer noopener\">Escoita o podcast<\/a><\/div>\n<\/div>\n<\/div><\/div>\n\n\n\n<div class=\"wp-block-media-text alignwide is-stacked-on-mobile is-image-fill\"><figure class=\"wp-block-media-text__media\" style=\"background-image:url(http:\/\/xandregarrido.com\/wp-content\/uploads\/2022\/05\/scenio-tv-xandre-1024x512.png);background-position:51% 49%\"><img loading=\"lazy\" decoding=\"async\" width=\"1024\" height=\"512\" src=\"http:\/\/xandregarrido.com\/wp-content\/uploads\/2022\/05\/scenio-tv-xandre-1024x512.png\" alt=\"\" class=\"wp-image-1228 size-full\" srcset=\"https:\/\/xandregarrido.com\/wp-content\/uploads\/2022\/05\/scenio-tv-xandre-1024x512.png 1024w, https:\/\/xandregarrido.com\/wp-content\/uploads\/2022\/05\/scenio-tv-xandre-300x150.png 300w, https:\/\/xandregarrido.com\/wp-content\/uploads\/2022\/05\/scenio-tv-xandre-768x384.png 768w, https:\/\/xandregarrido.com\/wp-content\/uploads\/2022\/05\/scenio-tv-xandre-1536x768.png 1536w, https:\/\/xandregarrido.com\/wp-content\/uploads\/2022\/05\/scenio-tv-xandre-2048x1024.png 2048w\" sizes=\"auto, (max-width: 1024px) 100vw, 1024px\" \/><\/figure><div class=\"wp-block-media-text__content\">\n<p><strong>Category is: Science Extravaganza 1&#215;03 con @bechologo<\/strong><\/p>\n\n\n\n<p class=\"has-small-font-size\">Esta semana contamos con Xandre Garrido @Bechologo para que nos hable un poco sobre su trabajo como educador en tem\u00e1ticas LGTB y afectivo sexual. En nuestra secci\u00f3n &#8220;PERSONAS MUERTAS&#8221; (t\u00edtulo en construcci\u00f3n) hablaremos de Leonardo Da Vinci, un pol\u00edmata florentino del Renacimiento italiano. Fue a la vez pintor, anatomista, arquitecto, paleont\u00f3logo, artista, bot\u00e1nico, cient\u00edfico, escritor, escultor, fil\u00f3sofo, ingeniero, inventor, m\u00fasico, poeta y urbanista. Y s\u00ed, tambi\u00e9n era una reina (o, no, no est\u00e1 claro).Por \u00faltimo, en la secci\u00f3n de Nebesu, Hospital genital, hablaremos de las gracias y desgracias de la Gonorrea, tu bacteria favorita.<\/p>\n\n\n\n<div class=\"wp-block-buttons is-layout-flex wp-block-buttons-is-layout-flex\">\n<div class=\"wp-block-button\"><a class=\"wp-block-button__link\" href=\"https:\/\/www.youtube.com\/watch?v=Pcp6Zhva2Fw&amp;t=10s\" target=\"_blank\" rel=\"noreferrer noopener\">Escoita o podcast<\/a><\/div>\n<\/div>\n<\/div><\/div>\n\n\n\n<p class=\"has-ast-global-color-6-color has-text-color has-medium-font-size\">&#8211;<\/p>\n\n\n\n<h2 class=\"has-text-align-center wp-block-heading\"><em>Entrevistas<\/em><\/h2>\n\n\n\n<p class=\"has-ast-global-color-6-color has-text-color has-medium-font-size\">&#8211;<\/p>\n\n\n\n<div class=\"wp-block-media-text alignwide is-stacked-on-mobile is-image-fill\"><figure class=\"wp-block-media-text__media\" style=\"background-image:url(http:\/\/xandregarrido.com\/wp-content\/uploads\/2022\/05\/whatsapp-image-2020-06-22-at-121442-2-1068x802-9e3a270.jpeg);background-position:50% 50%\"><img loading=\"lazy\" decoding=\"async\" width=\"850\" height=\"500\" src=\"http:\/\/xandregarrido.com\/wp-content\/uploads\/2022\/05\/whatsapp-image-2020-06-22-at-121442-2-1068x802-9e3a270.jpeg\" alt=\"\" class=\"wp-image-1225 size-full\" srcset=\"https:\/\/xandregarrido.com\/wp-content\/uploads\/2022\/05\/whatsapp-image-2020-06-22-at-121442-2-1068x802-9e3a270.jpeg 850w, https:\/\/xandregarrido.com\/wp-content\/uploads\/2022\/05\/whatsapp-image-2020-06-22-at-121442-2-1068x802-9e3a270-300x176.jpeg 300w, https:\/\/xandregarrido.com\/wp-content\/uploads\/2022\/05\/whatsapp-image-2020-06-22-at-121442-2-1068x802-9e3a270-768x452.jpeg 768w\" sizes=\"auto, (max-width: 850px) 100vw, 850px\" \/><\/figure><div class=\"wp-block-media-text__content\">\n<p><strong>Un Orgullo LGBT+ entre as precauci\u00f3ns pola pandemia e a necesidade de &#8220;sa\u00edr da clandestinidade do espazo privado&#8221;<\/strong><\/p>\n\n\n\n<p class=\"has-small-font-size\">Este domingo cel\u00e9brase o D\u00eda do Orgullo LGBT+, que lembra, como todos os 28 de xu\u00f1o, a rebeli\u00f3n contra a represi\u00f3n policial que tivo lugar no pub Stonewall, en Nova York. Este d\u00eda do Orgullo estar\u00e1 marcado pola pandemia, con moitas menos actividades p\u00fablicas, celebraci\u00f3ns e tam\u00e9n mobilizaci\u00f3ns, pero os colectivos LGBT+ galegos si convocaron algunhas concentraci\u00f3ns que buscan que non se esqueza o car\u00e1cter reivindicativo e de visibilizaci\u00f3n que caracteriza esta data.<\/p>\n\n\n\n<div class=\"wp-block-buttons is-layout-flex wp-block-buttons-is-layout-flex\">\n<div class=\"wp-block-button\"><a class=\"wp-block-button__link\" href=\"https:\/\/praza.gal\/movementos-sociais\/un-orgullo-lgbt-entre-as-precaucions-pola-pandemia-e-a-necesidade-de-sair-da-clandestinidade-do-espazo-privado\" target=\"_blank\" rel=\"noreferrer noopener\">Le o artigo en Praza.gal<\/a><\/div>\n<\/div>\n<\/div><\/div>\n\n\n\n<p><\/p>\n\n\n\n<div class=\"wp-block-media-text alignwide is-stacked-on-mobile is-image-fill\"><figure class=\"wp-block-media-text__media\" style=\"background-image:url(https:\/\/xandregarrido.com\/wp-content\/uploads\/2022\/05\/lei-trans-nos-diario.jpg);background-position:50% 50%\"><img loading=\"lazy\" decoding=\"async\" width=\"1024\" height=\"576\" src=\"https:\/\/xandregarrido.com\/wp-content\/uploads\/2022\/05\/lei-trans-nos-diario.jpg\" alt=\"\" class=\"wp-image-1226 size-full\" srcset=\"https:\/\/xandregarrido.com\/wp-content\/uploads\/2022\/05\/lei-trans-nos-diario.jpg 1024w, https:\/\/xandregarrido.com\/wp-content\/uploads\/2022\/05\/lei-trans-nos-diario-300x169.jpg 300w, https:\/\/xandregarrido.com\/wp-content\/uploads\/2022\/05\/lei-trans-nos-diario-768x432.jpg 768w\" sizes=\"auto, (max-width: 1024px) 100vw, 1024px\" \/><\/figure><div class=\"wp-block-media-text__content\">\n<p><strong>O activismo chama a &#8220;seguir mellorando&#8221; a futura lei trans<\/strong><\/p>\n\n\n\n<p class=\"has-small-font-size\">O voto un\u00e1nime do Consello Xeral do Poder Xudicial a favor dun informe cr\u00edtico coa futura Lei trans reaviva o debate sobre a finalidade e os detalles dunha norma que persegue a igualdade real e efectiva das persoas trans mais a garant\u00eda dos dereitos das persoas LGTBI.<\/p>\n\n\n\n<div class=\"wp-block-buttons is-layout-flex wp-block-buttons-is-layout-flex\">\n<div class=\"wp-block-button\"><a class=\"wp-block-button__link\" href=\"https:\/\/www.nosdiario.gal\/articulo\/social\/activismo-chama-seguir-mellorando-futura-lei-trans\/20220421155219141418.html\" target=\"_blank\" rel=\"noreferrer noopener\">Le o artigo en N\u00f3s diario<\/a><\/div>\n<\/div>\n\n\n\n<p><\/p>\n<\/div><\/div>\n\n\n\n<p><\/p>\n\n\n\n<div class=\"wp-block-media-text alignwide is-stacked-on-mobile is-image-fill\"><figure class=\"wp-block-media-text__media\" style=\"background-image:url(http:\/\/xandregarrido.com\/wp-content\/uploads\/2022\/05\/175837-samuel.jpg);background-position:10% 15%\"><img loading=\"lazy\" decoding=\"async\" width=\"960\" height=\"640\" src=\"http:\/\/xandregarrido.com\/wp-content\/uploads\/2022\/05\/175837-samuel.jpg\" alt=\"\" class=\"wp-image-1227 size-full\" srcset=\"https:\/\/xandregarrido.com\/wp-content\/uploads\/2022\/05\/175837-samuel.jpg 960w, https:\/\/xandregarrido.com\/wp-content\/uploads\/2022\/05\/175837-samuel-300x200.jpg 300w, https:\/\/xandregarrido.com\/wp-content\/uploads\/2022\/05\/175837-samuel-768x512.jpg 768w\" sizes=\"auto, (max-width: 960px) 100vw, 960px\" \/><\/figure><div class=\"wp-block-media-text__content\">\n<p><strong>Qu\u00e9 hay detr\u00e1s del asesinato de Samuel Luis Mu\u00f1iz, el crimen que provoc\u00f3 marchas contra la homofobia en toda Espa\u00f1a<\/strong><\/p>\n\n\n\n<p class=\"has-small-font-size\">\u201cMaric\u00f3n\u201d fue lo \u00faltimo que escuch\u00f3 el joven auxiliar de enfermer\u00eda de 24 a\u00f1os asesinado a golpes en la puerta de un boliche, en La Coru\u00f1a. La comunidad lgbti espa\u00f1ola tom\u00f3 nuevamente las calles de todo el pa\u00eds para reclamar justicia por Samuel.<\/p>\n\n\n\n<div class=\"wp-block-buttons is-layout-flex wp-block-buttons-is-layout-flex\">\n<div class=\"wp-block-button\"><a class=\"wp-block-button__link\" href=\"https:\/\/www.pagina12.com.ar\/353179-que-hay-detras-del-asesinato-de-samuel-luis-muniz-el-crimen-\" target=\"_blank\" rel=\"noreferrer noopener\">Le o artigo en pagina12<\/a><\/div>\n<\/div>\n<\/div><\/div>\n\n\n\n<div class=\"wp-block-columns alignwide is-layout-flex wp-container-core-columns-is-layout-28f84493 wp-block-columns-is-layout-flex\">\n<div class=\"wp-block-column is-layout-flow wp-block-column-is-layout-flow\">\n<div class=\"wp-block-buttons is-horizontal is-content-justification-center is-layout-flex wp-container-core-buttons-is-layout-03627597 wp-block-buttons-is-layout-flex\"><\/div>\n<\/div>\n<\/div>\n<\/div>\n\n\n\n<div class=\"wp-block-group alignfull has-ast-global-color-5-background-color has-background is-layout-flow wp-block-group-is-layout-flow\">\n<div class=\"wp-block-columns is-layout-flex wp-container-core-columns-is-layout-28f84493 wp-block-columns-is-layout-flex\">\n<div class=\"wp-block-column is-layout-flow wp-block-column-is-layout-flow\">\n<h2 class=\"wp-block-heading\"><em>Palestras e obradoiros<\/em><\/h2>\n<\/div>\n\n\n\n<div class=\"wp-block-column is-layout-flow wp-block-column-is-layout-flow\">\n<p>Ademais do meu traballo militante e como investigador no terreo acad\u00e9mico tam\u00e9n realizo obradoiros de formaci\u00f3n ou imparto palestras sobre cuesti\u00f3ns relacionadas co colectivo LGBT+ ou a sa\u00fade sexual.<\/p>\n\n\n\n<div class=\"wp-block-buttons is-layout-flex wp-block-buttons-is-layout-flex\">\n<div class=\"wp-block-button\"><a class=\"wp-block-button__link\" href=\"https:\/\/xandregarrido.com\/index.php\/que-ofrezo\/\">Le m\u00e1is sobre o que fago<\/a><\/div>\n<\/div>\n<\/div>\n<\/div>\n<\/div>\n\n\n\n<div class=\"wp-block-group alignfull has-ast-global-color-5-background-color has-background is-layout-flow wp-block-group-is-layout-flow\"><\/div>\n","protected":false},"excerpt":{"rendered":"<p>&#8211; Palestras gravadas &#8211; &#8211; &#8211; &#8211; Podcasts Diversitats 9&#215;13 Xandre Garrido Quiz\u00e1s no seamos Mariah Carey, pero desde luego, no somos el Grinch: en Diversitats nos gusta el brilli brilli de la Navidad y la celebramos a nuestra manera con unas secciones de historia, los or\u00edgenes LGTBI de las fiestas y una agenda acorde [&hellip;]<\/p>\n","protected":false},"author":1,"featured_media":0,"parent":0,"menu_order":0,"comment_status":"closed","ping_status":"closed","template":"","meta":{"om_disable_all_campaigns":false,"_monsterinsights_skip_tracking":false,"_monsterinsights_sitenote_active":false,"_monsterinsights_sitenote_note":"","_monsterinsights_sitenote_category":0,"site-sidebar-layout":"default","site-content-layout":"","ast-site-content-layout":"default","site-content-style":"default","site-sidebar-style":"default","ast-global-header-display":"","ast-banner-title-visibility":"","ast-main-header-display":"","ast-hfb-above-header-display":"","ast-hfb-below-header-display":"","ast-hfb-mobile-header-display":"","site-post-title":"","ast-breadcrumbs-content":"","ast-featured-img":"","footer-sml-layout":"","theme-transparent-header-meta":"","adv-header-id-meta":"","stick-header-meta":"","header-above-stick-meta":"","header-main-stick-meta":"","header-below-stick-meta":"","astra-migrate-meta-layouts":"default","ast-page-background-enabled":"default","ast-page-background-meta":{"desktop":{"background-color":"var(--ast-global-color-4)","background-image":"","background-repeat":"repeat","background-position":"center center","background-size":"auto","background-attachment":"scroll","background-type":"","background-media":"","overlay-type":"","overlay-color":"","overlay-opacity":"","overlay-gradient":""},"tablet":{"background-color":"","background-image":"","background-repeat":"repeat","background-position":"center center","background-size":"auto","background-attachment":"scroll","background-type":"","background-media":"","overlay-type":"","overlay-color":"","overlay-opacity":"","overlay-gradient":""},"mobile":{"background-color":"","background-image":"","background-repeat":"repeat","background-position":"center center","background-size":"auto","background-attachment":"scroll","background-type":"","background-media":"","overlay-type":"","overlay-color":"","overlay-opacity":"","overlay-gradient":""}},"ast-content-background-meta":{"desktop":{"background-color":"var(--ast-global-color-5)","background-image":"","background-repeat":"repeat","background-position":"center center","background-size":"auto","background-attachment":"scroll","background-type":"","background-media":"","overlay-type":"","overlay-color":"","overlay-opacity":"","overlay-gradient":""},"tablet":{"background-color":"var(--ast-global-color-5)","background-image":"","background-repeat":"repeat","background-position":"center center","background-size":"auto","background-attachment":"scroll","background-type":"","background-media":"","overlay-type":"","overlay-color":"","overlay-opacity":"","overlay-gradient":""},"mobile":{"background-color":"var(--ast-global-color-5)","background-image":"","background-repeat":"repeat","background-position":"center center","background-size":"auto","background-attachment":"scroll","background-type":"","background-media":"","overlay-type":"","overlay-color":"","overlay-opacity":"","overlay-gradient":""}},"footnotes":""},"class_list":["post-1313","page","type-page","status-publish","hentry"],"aioseo_notices":[],"_links":{"self":[{"href":"https:\/\/xandregarrido.com\/index.php\/wp-json\/wp\/v2\/pages\/1313","targetHints":{"allow":["GET"]}}],"collection":[{"href":"https:\/\/xandregarrido.com\/index.php\/wp-json\/wp\/v2\/pages"}],"about":[{"href":"https:\/\/xandregarrido.com\/index.php\/wp-json\/wp\/v2\/types\/page"}],"author":[{"embeddable":true,"href":"https:\/\/xandregarrido.com\/index.php\/wp-json\/wp\/v2\/users\/1"}],"replies":[{"embeddable":true,"href":"https:\/\/xandregarrido.com\/index.php\/wp-json\/wp\/v2\/comments?post=1313"}],"version-history":[{"count":6,"href":"https:\/\/xandregarrido.com\/index.php\/wp-json\/wp\/v2\/pages\/1313\/revisions"}],"predecessor-version":[{"id":1380,"href":"https:\/\/xandregarrido.com\/index.php\/wp-json\/wp\/v2\/pages\/1313\/revisions\/1380"}],"wp:attachment":[{"href":"https:\/\/xandregarrido.com\/index.php\/wp-json\/wp\/v2\/media?parent=1313"}],"curies":[{"name":"wp","href":"https:\/\/api.w.org\/{rel}","templated":true}]}}