{"id":1315,"date":"2022-05-29T22:28:45","date_gmt":"2022-05-29T22:28:45","guid":{"rendered":"https:\/\/xandregarrido.com\/?page_id=1315"},"modified":"2022-05-29T22:28:45","modified_gmt":"2022-05-29T22:28:45","slug":"producion","status":"publish","type":"page","link":"https:\/\/xandregarrido.com\/index.php\/producion\/","title":{"rendered":"Produci\u00f3n"},"content":{"rendered":"\n<div class=\"wp-block-cover alignfull\" style=\"min-height:380px;aspect-ratio:unset;\"><span aria-hidden=\"true\" class=\"wp-block-cover__background has-ast-global-color-2-background-color has-background-dim-100 has-background-dim\"><\/span><div class=\"wp-block-cover__inner-container is-layout-flow wp-block-cover-is-layout-flow\">\n<h1 class=\"has-text-align-center has-white-color has-text-color wp-block-heading\">Produci\u00f3n<\/h1>\n\n\n\n<p class=\"has-text-align-center has-text-color\" style=\"color:#9599a5\"><\/p>\n<\/div><\/div>\n\n\n\n<div class=\"wp-block-group alignfull has-ast-global-color-5-background-color has-background is-layout-flow wp-block-group-is-layout-flow\">\n<div class=\"wp-block-media-text alignfull is-stacked-on-mobile is-vertically-aligned-center\"><figure class=\"wp-block-media-text__media\"><img loading=\"lazy\" decoding=\"async\" width=\"965\" height=\"1024\" src=\"http:\/\/xandregarrido.com\/wp-content\/uploads\/2021\/12\/LLRevolutionNow-965x1024.jpeg\" alt=\"\" class=\"wp-image-1197 size-full\" srcset=\"https:\/\/xandregarrido.com\/wp-content\/uploads\/2021\/12\/LLRevolutionNow-965x1024.jpeg 965w, https:\/\/xandregarrido.com\/wp-content\/uploads\/2021\/12\/LLRevolutionNow-283x300.jpeg 283w, https:\/\/xandregarrido.com\/wp-content\/uploads\/2021\/12\/LLRevolutionNow-768x815.jpeg 768w, https:\/\/xandregarrido.com\/wp-content\/uploads\/2021\/12\/LLRevolutionNow.jpeg 1353w\" sizes=\"auto, (max-width: 965px) 100vw, 965px\" \/><\/figure><div class=\"wp-block-media-text__content\">\n<h3 class=\"has-text-align-center has-text-color wp-block-heading\" style=\"color:#000000\">Publicaci\u00f3ns<\/h3>\n\n\n\n<p class=\"has-text-align-center has-extra-small-font-size\"><a href=\"#https:\/\/xandregarrido.com\/index.php\/publicacions\/\">Artigos, fanzines, libros e publicaci\u00f3ns acad\u00e9micas<\/a> <a href=\"#\">\u2197<\/a><\/p>\n<\/div><\/div>\n\n\n\n<div class=\"wp-block-media-text alignfull is-stacked-on-mobile is-vertically-aligned-center\"><figure class=\"wp-block-media-text__media\"><img loading=\"lazy\" decoding=\"async\" width=\"1024\" height=\"1024\" src=\"https:\/\/xandregarrido.com\/wp-content\/uploads\/2022\/05\/COR0488cadrado-1024x1024.jpg\" alt=\"\" class=\"wp-image-1317 size-full\" srcset=\"https:\/\/xandregarrido.com\/wp-content\/uploads\/2022\/05\/COR0488cadrado-1024x1024.jpg 1024w, https:\/\/xandregarrido.com\/wp-content\/uploads\/2022\/05\/COR0488cadrado-300x300.jpg 300w, https:\/\/xandregarrido.com\/wp-content\/uploads\/2022\/05\/COR0488cadrado-150x150.jpg 150w, https:\/\/xandregarrido.com\/wp-content\/uploads\/2022\/05\/COR0488cadrado-768x769.jpg 768w, https:\/\/xandregarrido.com\/wp-content\/uploads\/2022\/05\/COR0488cadrado.jpg 1077w\" sizes=\"auto, (max-width: 1024px) 100vw, 1024px\" \/><\/figure><div class=\"wp-block-media-text__content\">\n<h3 class=\"has-text-align-center has-text-color wp-block-heading\" style=\"color:#000000\">Divulgaci\u00f3n<\/h3>\n\n\n\n<p class=\"has-text-align-center has-extra-small-font-size\"><a href=\"https:\/\/xandregarrido.com\/wp-admin\/post.php?post=1313&amp;action=edit\">proxectos, podcasts e entrevistas \u2197<\/a><\/p>\n<\/div><\/div>\n<\/div>\n\n\n\n<div class=\"wp-block-group alignfull has-ast-global-color-5-background-color has-background is-layout-flow wp-block-group-is-layout-flow\"><\/div>\n\n\n\n<div class=\"wp-block-group alignfull has-ast-global-color-5-background-color has-background is-layout-flow wp-block-group-is-layout-flow\"><\/div>\n","protected":false},"excerpt":{"rendered":"<p>Publicaci\u00f3ns Artigos, fanzines, libros e publicaci\u00f3ns acad\u00e9micas \u2197 Divulgaci\u00f3n proxectos, podcasts e entrevistas \u2197<\/p>\n","protected":false},"author":1,"featured_media":0,"parent":0,"menu_order":0,"comment_status":"closed","ping_status":"closed","template":"","meta":{"om_disable_all_campaigns":false,"_monsterinsights_skip_tracking":false,"_monsterinsights_sitenote_active":false,"_monsterinsights_sitenote_note":"","_monsterinsights_sitenote_category":0,"site-sidebar-layout":"default","site-content-layout":"","ast-site-content-layout":"default","site-content-style":"default","site-sidebar-style":"default","ast-global-header-display":"","ast-banner-title-visibility":"","ast-main-header-display":"","ast-hfb-above-header-display":"","ast-hfb-below-header-display":"","ast-hfb-mobile-header-display":"","site-post-title":"","ast-breadcrumbs-content":"","ast-featured-img":"","footer-sml-layout":"","theme-transparent-header-meta":"","adv-header-id-meta":"","stick-header-meta":"","header-above-stick-meta":"","header-main-stick-meta":"","header-below-stick-meta":"","astra-migrate-meta-layouts":"default","ast-page-background-enabled":"default","ast-page-background-meta":{"desktop":{"background-color":"var(--ast-global-color-4)","background-image":"","background-repeat":"repeat","background-position":"center center","background-size":"auto","background-attachment":"scroll","background-type":"","background-media":"","overlay-type":"","overlay-color":"","overlay-opacity":"","overlay-gradient":""},"tablet":{"background-color":"","background-image":"","background-repeat":"repeat","background-position":"center center","background-size":"auto","background-attachment":"scroll","background-type":"","background-media":"","overlay-type":"","overlay-color":"","overlay-opacity":"","overlay-gradient":""},"mobile":{"background-color":"","background-image":"","background-repeat":"repeat","background-position":"center center","background-size":"auto","background-attachment":"scroll","background-type":"","background-media":"","overlay-type":"","overlay-color":"","overlay-opacity":"","overlay-gradient":""}},"ast-content-background-meta":{"desktop":{"background-color":"var(--ast-global-color-5)","background-image":"","background-repeat":"repeat","background-position":"center center","background-size":"auto","background-attachment":"scroll","background-type":"","background-media":"","overlay-type":"","overlay-color":"","overlay-opacity":"","overlay-gradient":""},"tablet":{"background-color":"var(--ast-global-color-5)","background-image":"","background-repeat":"repeat","background-position":"center center","background-size":"auto","background-attachment":"scroll","background-type":"","background-media":"","overlay-type":"","overlay-color":"","overlay-opacity":"","overlay-gradient":""},"mobile":{"background-color":"var(--ast-global-color-5)","background-image":"","background-repeat":"repeat","background-position":"center center","background-size":"auto","background-attachment":"scroll","background-type":"","background-media":"","overlay-type":"","overlay-color":"","overlay-opacity":"","overlay-gradient":""}},"footnotes":""},"class_list":["post-1315","page","type-page","status-publish","hentry"],"aioseo_notices":[],"_links":{"self":[{"href":"https:\/\/xandregarrido.com\/index.php\/wp-json\/wp\/v2\/pages\/1315","targetHints":{"allow":["GET"]}}],"collection":[{"href":"https:\/\/xandregarrido.com\/index.php\/wp-json\/wp\/v2\/pages"}],"about":[{"href":"https:\/\/xandregarrido.com\/index.php\/wp-json\/wp\/v2\/types\/page"}],"author":[{"embeddable":true,"href":"https:\/\/xandregarrido.com\/index.php\/wp-json\/wp\/v2\/users\/1"}],"replies":[{"embeddable":true,"href":"https:\/\/xandregarrido.com\/index.php\/wp-json\/wp\/v2\/comments?post=1315"}],"version-history":[{"count":1,"href":"https:\/\/xandregarrido.com\/index.php\/wp-json\/wp\/v2\/pages\/1315\/revisions"}],"predecessor-version":[{"id":1318,"href":"https:\/\/xandregarrido.com\/index.php\/wp-json\/wp\/v2\/pages\/1315\/revisions\/1318"}],"wp:attachment":[{"href":"https:\/\/xandregarrido.com\/index.php\/wp-json\/wp\/v2\/media?parent=1315"}],"curies":[{"name":"wp","href":"https:\/\/api.w.org\/{rel}","templated":true}]}}